{"id":1890,"date":"2025-02-18T08:57:33","date_gmt":"2025-02-18T08:57:33","guid":{"rendered":"https:\/\/mortholmen.no\/ueber-mortholmen\/"},"modified":"2025-09-16T08:41:56","modified_gmt":"2025-09-16T08:41:56","slug":"ueber-mortholmen","status":"publish","type":"page","link":"https:\/\/mortholmen.no\/de\/ueber-mortholmen\/","title":{"rendered":"\u00dcber Mortholmen"},"content":{"rendered":"<section class=\"l-section wpb_row us_custom_ce30a831 height_medium width_custom\" style=\"--site-content-width:1396px;\"><div class=\"l-section-h i-cf\"><div class=\"g-cols vc_row via_grid cols_5-7 laptops-cols_inherit tablets-cols_inherit mobiles-cols_1 valign_middle type_default stacking_default\" style=\"--columns-gap:4.5rem;--laptops-columns-gap:4.5rem;--tablets-columns-gap:4.5rem;--mobiles-columns-gap:3rem;\"><div class=\"wpb_column vc_column_container\"><div class=\"vc_column-inner\">[vc_custom_heading text=&#8220;Zur\u00fcck zu altem Glanz&#8220; font_container=&#8220;tag:h1|text_align:left&#8220; use_theme_fonts=&#8220;yes&#8220; css=&#8220;%7B%22default%22%3A%7B%22line-height%22%3A%221.033%22%2C%22max-width%22%3A%22400px%22%2C%22margin-bottom%22%3A%2240px%22%7D%7D&#8220;]<div class=\"wpb_text_column us_custom_b9d201a0\"><div class=\"wpb_wrapper\"><p>Hinter Mortholmen stehen wir, Sig Hansen und June Hansen. Im Jahr 2020 traten wir in die Eigent\u00fcmergemeinschaft von Mortholmen ein und \u00fcbernahmen nach und nach die Insel als Alleineigent\u00fcmer. <\/p>\n<p>F\u00fcr viele ist Sig wohl am besten aus der TV-Serie &#8222;Fang des Lebens -Der gef\u00e4hrlichste Job Alaskas bekannt. \u00dcber mehr als zwei Jahrzehnte hat er offen gezeigt, was es braucht, um im gef\u00e4hrlichen Beringmeer beim Krabbenfang zu \u00fcberleben \u2013 und dabei sogar Freude zu finden. Durch die Serie haben wir den Zuschauern erlaubt, einen sehr nahen Einblick in unser Leben und unseren Familienbetrieb zu bekommen.  <\/p>\n<p>Nun haben wir ein neues Projekt \u00fcbernommen. Mortholmen ist ein Projekt und eine Leidenschaft, die wir gemeinsam teilen. Das Geb\u00e4ude bedeutet uns viel \u2013 einige unserer sch\u00f6nsten Erinnerungen stammen von hier. Doch wir wissen auch, dass das Bauwerk von 1918 f\u00fcr unz\u00e4hlige andere ebenso viel bedeutet. Deshalb m\u00f6chten wir etwas zur\u00fcckgeben. In letzter Zeit haben wir viele Ressourcen investiert, um Mortholmen innen wie au\u00dfen zu restaurieren. Wir haben bewahrt, was wir konnten, und gleichzeitig daf\u00fcr gesorgt, dass das Geb\u00e4ude nun ger\u00fcstet ist, um weitere 100 Jahre den Kr\u00e4ften des Meeres zu trotzen.      <\/p>\n<p>Unsere Hoffnung ist, dass die Arbeit, die wir nun leisten, sicherstellt, dass die einzigartige Geschichte dieses Ortes und seine wichtige Rolle in der norwegischen Fischereigeschichte niemals vergessen werden. Gleichzeitig haben wir die Grundlage geschaffen, damit neue Erinnerungen und Geschichten entstehen k\u00f6nnen \u2013 in der alten Heringssalzerei, die heute als Veranstaltungsort und Touristenattraktion dient. <\/p>\n<p>Mortholmen \u2013 eine lebendige Erinnerung an Norwegens Heringsabenteuer.<\/p>\n<\/div><\/div><\/div><\/div><div class=\"wpb_column vc_column_container\"><div class=\"vc_column-inner\"><div class=\"w-image us_custom_b3563f37 align_none\"><div class=\"w-image-h\"><img decoding=\"async\" width=\"817\" height=\"1024\" src=\"https:\/\/mortholmen.no\/wp-content\/uploads\/2025\/05\/Sig_june-817x1024.jpg\" class=\"attachment-large size-large\" alt=\"\" loading=\"lazy\" srcset=\"https:\/\/mortholmen.no\/wp-content\/uploads\/2025\/05\/Sig_june-817x1024.jpg 817w, https:\/\/mortholmen.no\/wp-content\/uploads\/2025\/05\/Sig_june-239x300.jpg 239w, https:\/\/mortholmen.no\/wp-content\/uploads\/2025\/05\/Sig_june.jpg 1531w\" sizes=\"auto, (max-width: 817px) 100vw, 817px\" \/><\/div><\/div><\/div><\/div><\/div><\/div><\/section><section class=\"l-section wpb_row us_custom_ce30a831 height_medium width_custom\" style=\"--site-content-width:1396px;\"><div class=\"l-section-h i-cf\"><div class=\"g-cols vc_row via_grid cols_7-5 laptops-cols_inherit tablets-cols_inherit mobiles-cols_1 valign_middle type_default stacking_default\" style=\"--columns-gap:4.5rem;--laptops-columns-gap:4.5rem;--tablets-columns-gap:4.5rem;--mobiles-columns-gap:3rem;\"><div class=\"wpb_column vc_column_container\"><div class=\"vc_column-inner\"><div class=\"w-image us_custom_b3563f37 align_none\"><div class=\"w-image-h\"><img decoding=\"async\" width=\"1024\" height=\"768\" src=\"https:\/\/mortholmen.no\/wp-content\/uploads\/2025\/04\/Deadliestcatch-1024x768.jpg\" class=\"attachment-large size-large\" alt=\"\" loading=\"lazy\" srcset=\"https:\/\/mortholmen.no\/wp-content\/uploads\/2025\/04\/Deadliestcatch-1024x768.jpg 1024w, https:\/\/mortholmen.no\/wp-content\/uploads\/2025\/04\/Deadliestcatch-300x225.jpg 300w, https:\/\/mortholmen.no\/wp-content\/uploads\/2025\/04\/Deadliestcatch.jpg 1920w\" sizes=\"auto, (max-width: 1024px) 100vw, 1024px\" \/><\/div><\/div><\/div><\/div><div class=\"wpb_column vc_column_container\"><div class=\"vc_column-inner\">[vc_custom_heading text=&#8220;Deadliest Catch&#8220; font_container=&#8220;tag:h1|text_align:left&#8220; use_theme_fonts=&#8220;yes&#8220; css=&#8220;%7B%22default%22%3A%7B%22line-height%22%3A%221.033%22%2C%22max-width%22%3A%22400px%22%2C%22margin-bottom%22%3A%2240px%22%7D%7D&#8220;]<div class=\"wpb_text_column us_custom_b9d201a0\"><div class=\"wpb_wrapper\"><p>Sig Hansen und seine Crew an Bord der Northwestern sind seit Beginn der TV-Erfolgssendung <em>Deadliest Catch<\/em> im Jahr 2005 ein fester Bestandteil. In der Serie des Discovery Channel verfolgen wir die Mannschaft beim Krabbenfang im gef\u00e4hrlichen Beringmeer \u2013 dem t\u00f6dlichsten Beruf der Welt. <\/p>\n<p>Sig Hansen und seine Tochter Mandy Hansen haben zudem ihr eigenes Spin-off erhalten: Deadliest Catch: The Viking Returns. Darin kehren Vater und Tochter in ihre Heimat Norwegen zur\u00fcck \u2013 mit der Hoffnung, ein Fischerei-Imperium aufzubauen.<\/p>\n<\/div><\/div><\/div><\/div><\/div><\/div><\/section><section class=\"l-section wpb_row us_custom_c6aff03d height_medium\"><div class=\"l-section-h i-cf\"><div class=\"g-cols vc_row via_grid cols_2 laptops-cols_inherit tablets-cols_inherit mobiles-cols_1 valign_middle type_default stacking_default\"><div class=\"wpb_column vc_column_container\"><div class=\"vc_column-inner\">[vc_custom_heading text=&#8220;Firmenevents&#8220; font_container=&#8220;tag:h1|text_align:left&#8220; use_theme_fonts=&#8220;yes&#8220; css=&#8220;%7B%22default%22%3A%7B%22margin-bottom%22%3A%2215px%22%7D%7D&#8220;]<div class=\"wpb_text_column us_custom_060c7592\"><div class=\"wpb_wrapper\"><p>Mortholmen ist eine einzigartige und spannende Location f\u00fcr Seminare &amp; Konferenzen, Kick-offs, Teambuilding, Sommerfeste, Weihnachtsfeiern und vieles mehr. Gemeinsam mit Capt. Sig bringt Kjentfolk Vestlandet neues Leben nach Mortholmen. Wir helfen Ihnen, Ihr n\u00e4chstes Event auf Mortholmen zu planen und unvergessliche Erlebnisse und Abenteuer am Meer zu schaffen.  <\/p>\n<p>In Zusammenarbeit mit der Furset-Gruppe und RS Catering haben wir ein exquisites Buffet zusammengestellt \u2013 mit perfekt abgestimmten Weinen, die das gesamte Mahl begleiten.<br \/>\nErleben Sie Mortholmen: K\u00fcstenkultur, Essen und Trinken in einzigartiger Umgebung!<\/p>\n<\/div><\/div><div class=\"ult-spacer spacer-6a0396b3b48a0\" data-id=\"6a0396b3b48a0\" data-height=\"50\" data-height-mobile=\"50\" data-height-tab=\"50\" data-height-tab-portrait=\"\" data-height-mobile-landscape=\"\" style=\"clear:both;display:block;\"><\/div><div class=\"w-hwrapper valign_top stack_on_mobiles align_none\" style=\"--hwrapper-gap:14px\"><div class=\"w-btn-wrapper align_none\"><a class=\"w-btn us-btn-style_4\" href=\"https:\/\/mortholmen.no\/lei\/\"><span class=\"w-btn-label\">Miete Mortholmen<\/span><\/a><\/div><\/div><\/div><\/div><div class=\"wpb_column vc_column_container\"><div class=\"vc_column-inner\"><div class=\"w-image us_custom_4cb973d0 has_ratio align_none\"><div class=\"w-image-h\"><div style=\"padding-bottom:100%\"><\/div><img decoding=\"async\" width=\"935\" height=\"935\" src=\"https:\/\/mortholmen.no\/wp-content\/uploads\/2025\/03\/kjentfolk_008.jpg\" class=\"attachment-large size-large\" alt=\"\" loading=\"lazy\" \/><\/div><\/div><\/div><\/div><\/div><\/div><\/section>\n","protected":false},"excerpt":{"rendered":"[vc_custom_heading text=\"Zur\u00fcck zu altem Glanz\" font_container=\"tag:h1|text_align:left\" use_theme_fonts=\"yes\" css=\"%7B%22default%22%3A%7B%22line-height%22%3A%221.033%22%2C%22max-width%22%3A%22400px%22%2C%22margin-bottom%22%3A%2240px%22%7D%7D\"]Hinter Mortholmen stehen wir, Sig Hansen und June Hansen. Im Jahr 2020 traten wir in die Eigent\u00fcmergemeinschaft von Mortholmen ein und \u00fcbernahmen nach und nach die Insel als Alleineigent\u00fcmer. F\u00fcr viele ist Sig wohl am besten aus der TV-Serie &#8222;Fang des Lebens -Der gef\u00e4hrlichste Job Alaskas bekannt. \u00dcber...","protected":false},"author":1,"featured_media":0,"parent":0,"menu_order":0,"comment_status":"closed","ping_status":"closed","template":"","meta":{"_acf_changed":false,"footnotes":""},"class_list":["post-1890","page","type-page","status-publish","hentry"],"acf":[],"yoast_head":"<!-- This site is optimized with the Yoast SEO plugin v25.6 - https:\/\/yoast.com\/wordpress\/plugins\/seo\/ -->\n<title>\u00dcber Mortholmen - Mortholmen<\/title>\n<meta name=\"robots\" content=\"index, follow, max-snippet:-1, max-image-preview:large, max-video-preview:-1\" \/>\n<link rel=\"canonical\" href=\"https:\/\/mortholmen.no\/de\/ueber-mortholmen\/\" \/>\n<meta property=\"og:locale\" content=\"de_DE\" \/>\n<meta property=\"og:type\" content=\"article\" \/>\n<meta property=\"og:title\" content=\"\u00dcber Mortholmen - Mortholmen\" \/>\n<meta property=\"og:url\" content=\"https:\/\/mortholmen.no\/de\/ueber-mortholmen\/\" \/>\n<meta property=\"og:site_name\" content=\"Mortholmen\" \/>\n<meta property=\"article:modified_time\" content=\"2025-09-16T08:41:56+00:00\" \/>\n<meta name=\"twitter:card\" content=\"summary_large_image\" \/>\n<meta name=\"twitter:label1\" content=\"Est. reading time\" \/>\n\t<meta name=\"twitter:data1\" content=\"5\u00a0Minuten\" \/>\n<script type=\"application\/ld+json\" class=\"yoast-schema-graph\">{\"@context\":\"https:\/\/schema.org\",\"@graph\":[{\"@type\":\"WebPage\",\"@id\":\"https:\/\/mortholmen.no\/de\/ueber-mortholmen\/\",\"url\":\"https:\/\/mortholmen.no\/de\/ueber-mortholmen\/\",\"name\":\"\u00dcber Mortholmen - Mortholmen\",\"isPartOf\":{\"@id\":\"https:\/\/mortholmen.no\/en\/#website\"},\"datePublished\":\"2025-02-18T08:57:33+00:00\",\"dateModified\":\"2025-09-16T08:41:56+00:00\",\"breadcrumb\":{\"@id\":\"https:\/\/mortholmen.no\/de\/ueber-mortholmen\/#breadcrumb\"},\"inLanguage\":\"de\",\"potentialAction\":[{\"@type\":\"ReadAction\",\"target\":[\"https:\/\/mortholmen.no\/de\/ueber-mortholmen\/\"]}]},{\"@type\":\"BreadcrumbList\",\"@id\":\"https:\/\/mortholmen.no\/de\/ueber-mortholmen\/#breadcrumb\",\"itemListElement\":[{\"@type\":\"ListItem\",\"position\":1,\"name\":\"Hjem\",\"item\":\"https:\/\/mortholmen.no\/de\/startseite\/\"},{\"@type\":\"ListItem\",\"position\":2,\"name\":\"\u00dcber Mortholmen\"}]},{\"@type\":\"WebSite\",\"@id\":\"https:\/\/mortholmen.no\/en\/#website\",\"url\":\"https:\/\/mortholmen.no\/en\/\",\"name\":\"Mortholmen\",\"description\":\"The last one standing - By Captain Sig Hansen\",\"publisher\":{\"@id\":\"https:\/\/mortholmen.no\/en\/#organization\"},\"potentialAction\":[{\"@type\":\"SearchAction\",\"target\":{\"@type\":\"EntryPoint\",\"urlTemplate\":\"https:\/\/mortholmen.no\/en\/?s={search_term_string}\"},\"query-input\":{\"@type\":\"PropertyValueSpecification\",\"valueRequired\":true,\"valueName\":\"search_term_string\"}}],\"inLanguage\":\"de\"},{\"@type\":\"Organization\",\"@id\":\"https:\/\/mortholmen.no\/en\/#organization\",\"name\":\"Mortholmen\",\"url\":\"https:\/\/mortholmen.no\/en\/\",\"logo\":{\"@type\":\"ImageObject\",\"inLanguage\":\"de\",\"@id\":\"https:\/\/mortholmen.no\/en\/#\/schema\/logo\/image\/\",\"url\":\"https:\/\/mortholmen.com\/wp-content\/uploads\/2025\/04\/Mortholmen_org.jpg\",\"contentUrl\":\"https:\/\/mortholmen.com\/wp-content\/uploads\/2025\/04\/Mortholmen_org.jpg\",\"width\":483,\"height\":336,\"caption\":\"Mortholmen\"},\"image\":{\"@id\":\"https:\/\/mortholmen.no\/en\/#\/schema\/logo\/image\/\"}}]}<\/script>\n<!-- \/ Yoast SEO plugin. -->","yoast_head_json":{"title":"\u00dcber Mortholmen - Mortholmen","robots":{"index":"index","follow":"follow","max-snippet":"max-snippet:-1","max-image-preview":"max-image-preview:large","max-video-preview":"max-video-preview:-1"},"canonical":"https:\/\/mortholmen.no\/de\/ueber-mortholmen\/","og_locale":"de_DE","og_type":"article","og_title":"\u00dcber Mortholmen - Mortholmen","og_url":"https:\/\/mortholmen.no\/de\/ueber-mortholmen\/","og_site_name":"Mortholmen","article_modified_time":"2025-09-16T08:41:56+00:00","twitter_card":"summary_large_image","twitter_misc":{"Est. reading time":"5\u00a0Minuten"},"schema":{"@context":"https:\/\/schema.org","@graph":[{"@type":"WebPage","@id":"https:\/\/mortholmen.no\/de\/ueber-mortholmen\/","url":"https:\/\/mortholmen.no\/de\/ueber-mortholmen\/","name":"\u00dcber Mortholmen - Mortholmen","isPartOf":{"@id":"https:\/\/mortholmen.no\/en\/#website"},"datePublished":"2025-02-18T08:57:33+00:00","dateModified":"2025-09-16T08:41:56+00:00","breadcrumb":{"@id":"https:\/\/mortholmen.no\/de\/ueber-mortholmen\/#breadcrumb"},"inLanguage":"de","potentialAction":[{"@type":"ReadAction","target":["https:\/\/mortholmen.no\/de\/ueber-mortholmen\/"]}]},{"@type":"BreadcrumbList","@id":"https:\/\/mortholmen.no\/de\/ueber-mortholmen\/#breadcrumb","itemListElement":[{"@type":"ListItem","position":1,"name":"Hjem","item":"https:\/\/mortholmen.no\/de\/startseite\/"},{"@type":"ListItem","position":2,"name":"\u00dcber Mortholmen"}]},{"@type":"WebSite","@id":"https:\/\/mortholmen.no\/en\/#website","url":"https:\/\/mortholmen.no\/en\/","name":"Mortholmen","description":"The last one standing - By Captain Sig Hansen","publisher":{"@id":"https:\/\/mortholmen.no\/en\/#organization"},"potentialAction":[{"@type":"SearchAction","target":{"@type":"EntryPoint","urlTemplate":"https:\/\/mortholmen.no\/en\/?s={search_term_string}"},"query-input":{"@type":"PropertyValueSpecification","valueRequired":true,"valueName":"search_term_string"}}],"inLanguage":"de"},{"@type":"Organization","@id":"https:\/\/mortholmen.no\/en\/#organization","name":"Mortholmen","url":"https:\/\/mortholmen.no\/en\/","logo":{"@type":"ImageObject","inLanguage":"de","@id":"https:\/\/mortholmen.no\/en\/#\/schema\/logo\/image\/","url":"https:\/\/mortholmen.com\/wp-content\/uploads\/2025\/04\/Mortholmen_org.jpg","contentUrl":"https:\/\/mortholmen.com\/wp-content\/uploads\/2025\/04\/Mortholmen_org.jpg","width":483,"height":336,"caption":"Mortholmen"},"image":{"@id":"https:\/\/mortholmen.no\/en\/#\/schema\/logo\/image\/"}}]}},"_links":{"self":[{"href":"https:\/\/mortholmen.no\/de\/wp-json\/wp\/v2\/pages\/1890","targetHints":{"allow":["GET"]}}],"collection":[{"href":"https:\/\/mortholmen.no\/de\/wp-json\/wp\/v2\/pages"}],"about":[{"href":"https:\/\/mortholmen.no\/de\/wp-json\/wp\/v2\/types\/page"}],"author":[{"embeddable":true,"href":"https:\/\/mortholmen.no\/de\/wp-json\/wp\/v2\/users\/1"}],"replies":[{"embeddable":true,"href":"https:\/\/mortholmen.no\/de\/wp-json\/wp\/v2\/comments?post=1890"}],"version-history":[{"count":5,"href":"https:\/\/mortholmen.no\/de\/wp-json\/wp\/v2\/pages\/1890\/revisions"}],"predecessor-version":[{"id":2047,"href":"https:\/\/mortholmen.no\/de\/wp-json\/wp\/v2\/pages\/1890\/revisions\/2047"}],"wp:attachment":[{"href":"https:\/\/mortholmen.no\/de\/wp-json\/wp\/v2\/media?parent=1890"}],"curies":[{"name":"wp","href":"https:\/\/api.w.org\/{rel}","templated":true}]}}