{"id":2020,"date":"2025-02-18T10:21:57","date_gmt":"2025-02-18T10:21:57","guid":{"rendered":"https:\/\/mortholmen.no\/vermietung\/weihnachtsfeier\/"},"modified":"2025-09-12T10:54:35","modified_gmt":"2025-09-12T10:54:35","slug":"weihnachtsfeier","status":"publish","type":"page","link":"https:\/\/mortholmen.no\/de\/vermietung\/weihnachtsfeier\/","title":{"rendered":"Weihnachtsfeier"},"content":{"rendered":"<section class=\"l-section wpb_row us_custom_b2452879 height_medium width_custom\" style=\"--site-content-width:1396px;\"><div class=\"l-section-h i-cf\"><div class=\"g-cols vc_row via_grid cols_5-7 laptops-cols_inherit tablets-cols_inherit mobiles-cols_1 valign_middle type_default stacking_default\" style=\"--columns-gap:4.5rem;--laptops-columns-gap:4.5rem;--tablets-columns-gap:4.5rem;--mobiles-columns-gap:3rem;\"><div class=\"wpb_column vc_column_container\"><div class=\"vc_column-inner\">[vc_custom_heading text=&#8220;Weihnachtsfeier in magischer Umgebung&#8220; font_container=&#8220;tag:h1|text_align:left&#8220; use_theme_fonts=&#8220;yes&#8220; css=&#8220;%7B%22default%22%3A%7B%22line-height%22%3A%221.033%22%2C%22max-width%22%3A%22450px%22%2C%22margin-bottom%22%3A%2210px%22%7D%7D&#8220;][vc_custom_heading text=&#8220;Eine Weihnachtsfeier in einer Atmosph\u00e4re, die Sie so schnell nicht vergessen werden!&#8220; font_container=&#8220;tag:h5|text_align:left&#8220; use_theme_fonts=&#8220;yes&#8220; css=&#8220;%7B%22default%22%3A%7B%22max-width%22%3A%22545px%22%2C%22margin-bottom%22%3A%2223px%22%7D%7D&#8220;]<div class=\"wpb_text_column us_custom_8194a96d\"><div class=\"wpb_wrapper\"><p>Rustikales Interieur kombiniert mit modernem Komfort. Mortholmen bietet Platz f\u00fcr bis zu 200 G\u00e4ste bei einem gesetzten Dinner, doch die intime Stimmung macht den Saal auch f\u00fcr kleinere Gruppen ideal. Festlich geschm\u00fcckt zu Weihnachten verleiht Mortholmen Ihrer Feier einen wahrhaft magischen Rahmen.<\/p>\n<\/div><\/div><div class=\"ult-spacer spacer-6a03989deac8d\" data-id=\"6a03989deac8d\" data-height=\"65\" data-height-mobile=\"40\" data-height-tab=\"\" data-height-tab-portrait=\"\" data-height-mobile-landscape=\"\" style=\"clear:both;display:block;\"><\/div><div class=\"w-hwrapper valign_middle align_none\" style=\"--hwrapper-gap:22px\"><div class=\"w-btn-wrapper align_right\"><a class=\"w-btn us-btn-style_5\" href=\"https:\/\/mortholmen.no\/de\/miete-mortholmen\/\"><span class=\"w-btn-label\">Miete Mortholmen<\/span><\/a><\/div><div class=\"w-image us_custom_a186cf8a arrow-down has_height align_center\"><div class=\"w-image-h\"><img decoding=\"async\" src=\"https:\/\/mortholmen.no\/wp-content\/uploads\/2025\/02\/down.svg\" class=\"attachment-full size-full\" alt=\"\" loading=\"lazy\" \/><\/div><\/div><\/div><\/div><\/div><div class=\"wpb_column vc_column_container\"><div class=\"vc_column-inner\"><div class=\"w-image us_custom_b3563f37 align_none\"><div class=\"w-image-h\"><img decoding=\"async\" width=\"986\" height=\"1024\" src=\"https:\/\/mortholmen.no\/wp-content\/uploads\/2025\/03\/xgYmegA-986x1024.jpg\" class=\"attachment-large size-large\" alt=\"\" loading=\"lazy\" srcset=\"https:\/\/mortholmen.no\/wp-content\/uploads\/2025\/03\/xgYmegA-986x1024.jpg 986w, https:\/\/mortholmen.no\/wp-content\/uploads\/2025\/03\/xgYmegA-289x300.jpg 289w, https:\/\/mortholmen.no\/wp-content\/uploads\/2025\/03\/xgYmegA.jpg 1083w\" sizes=\"auto, (max-width: 986px) 100vw, 986px\" \/><\/div><\/div><\/div><\/div><\/div><\/div><\/section><section class=\"l-section wpb_row us_custom_ec1e580b height_medium width_custom\" style=\"--site-content-width:1396px;\"><div class=\"l-section-h i-cf\"><div class=\"g-cols vc_row via_grid cols_1 laptops-cols_inherit tablets-cols_inherit mobiles-cols_1 valign_top type_default stacking_default\"><div class=\"wpb_column vc_column_container\"><div class=\"vc_column-inner\"><div class=\"w-separator us_custom_615c73a8 has_text_color size_custom with_line width_default thick_1 style_solid color_border align_center\" style=\"height:3px\"><div class=\"w-separator-h\"><\/div><\/div><div class=\"ult-spacer spacer-6a03989ded941\" data-id=\"6a03989ded941\" data-height=\"70\" data-height-mobile=\"70\" data-height-tab=\"70\" data-height-tab-portrait=\"\" data-height-mobile-landscape=\"\" style=\"clear:both;display:block;\"><\/div><div class=\"g-cols wpb_row via_grid cols_3 laptops-cols_inherit tablets-cols_inherit mobiles-cols_1 valign_top type_default stacking_default\" style=\"--columns-gap:5.5rem;--laptops-columns-gap:5.5rem;--tablets-columns-gap:5.5rem;--mobiles-columns-gap:3rem;\"><div class=\"wpb_column vc_column_container\"><div class=\"vc_column-inner\">[vc_custom_heading text=&#8220;Der Veranstaltungsort&#8220; use_theme_fonts=&#8220;yes&#8220; css=&#8220;%7B%22default%22%3A%7B%22margin-bottom%22%3A%2220px%22%7D%7D&#8220;]<div class=\"wpb_text_column us_custom_2e612b46 paragraph-spacing\"><div class=\"wpb_wrapper\"><p>Mortholmen ist ein gro\u00dfer Festsaal \u00fcber zwei Etagen, der bis zu 200 G\u00e4ste f\u00fcr ein gesetztes Dinner aufnehmen kann \u2013 mit der M\u00f6glichkeit, die Kapazit\u00e4t durch Stehpl\u00e4tze zu erh\u00f6hen.<\/p>\n<p>Trotz seiner authentischen und historischen Atmosph\u00e4re verf\u00fcgt das Geb\u00e4ude \u00fcber modernen Komfort und zeitgem\u00e4\u00dfe Einrichtungen.<\/p>\n<\/div><\/div><\/div><\/div><div class=\"wpb_column vc_column_container\"><div class=\"vc_column-inner\">[vc_custom_heading text=&#8220;Essen und Trinken&#8220; use_theme_fonts=&#8220;yes&#8220; css=&#8220;%7B%22default%22%3A%7B%22margin-bottom%22%3A%2220px%22%7D%7D&#8220;]<div class=\"wpb_text_column us_custom_2e612b46 paragraph-spacing\"><div class=\"wpb_wrapper\"><p>Das Men\u00fc, das Sie auf Mortholmen serviert bekommen, wurde sorgf\u00e4ltig von unserem hervorragenden K\u00fcchenteam und Capt. Sig pers\u00f6nlich zusammengestellt.<\/p>\n<p>Wir versprechen spannende Geschmackskombinationen, die auf frischen, lokalen Zutaten basieren.<\/p>\n<p>Das exquisite Buffet wird von einem perfekt abgestimmten Weinpaket begleitet.<\/p>\n<\/div><\/div><\/div><\/div><div class=\"wpb_column vc_column_container\"><div class=\"vc_column-inner\">[vc_custom_heading text=&#8220;Dienstleistungen&#8220; use_theme_fonts=&#8220;yes&#8220; css=&#8220;%7B%22default%22%3A%7B%22margin-bottom%22%3A%2220px%22%7D%7D&#8220;]<div class=\"wpb_text_column us_custom_2e612b46 paragraph-spacing\"><div class=\"wpb_wrapper\"><p>Damit Ihre Veranstaltung auf Mortholmen zu einem unvergesslichen Erlebnis wird, steht Ihnen unser erfahrenes Team in allen Belangen zur Seite \u2013 bis ins kleinste Detail. Wir k\u00fcmmern uns um alles, was Sie ben\u00f6tigen: Koch, Servicepersonal, Barkeeper, Sicherheit, AV-Verantwortliche und Endreinigung.  <\/p>\n<p>Gerne helfen wir Ihnen auch bei der Organisation der Anreise \u2013 sei es per Bus oder, f\u00fcr ein besonders authentisches Erlebnis, per Boot.<\/p>\n<\/div><\/div><\/div><\/div><\/div><div class=\"ult-spacer spacer-6a03989dee27b\" data-id=\"6a03989dee27b\" data-height=\"100\" data-height-mobile=\"100\" data-height-tab=\"100\" data-height-tab-portrait=\"\" data-height-mobile-landscape=\"\" style=\"clear:both;display:block;\"><\/div><div class=\"w-hwrapper spacer valign_bottom stack_on_mobiles align_none\" style=\"--hwrapper-gap:64px\"><div class=\"w-slider us_custom_b58bc40a sild style_none fit_cover nav_none has_border_radius has_ratio count_15\" style=\"--aspect-ratio: 1120\/699;\"><div class=\"w-slider-h\"><div class=\"royalSlider\"><div class=\"rsContent\"><a class=\"rsImg\" data-rsw=\"1024\" data-rsh=\"639\" href=\"https:\/\/mortholmen.no\/wp-content\/uploads\/2025\/03\/julebord-1.jpg\"><span data-alt=\"\"><\/span><\/a><\/div><div class=\"rsContent\"><a class=\"rsImg\" data-rsw=\"1024\" data-rsh=\"639\" href=\"https:\/\/mortholmen.no\/wp-content\/uploads\/2025\/03\/julebord-4.jpg\"><span data-alt=\"\"><\/span><\/a><\/div><div class=\"rsContent\"><a class=\"rsImg\" data-rsw=\"1024\" data-rsh=\"639\" href=\"https:\/\/mortholmen.no\/wp-content\/uploads\/2025\/03\/julebord-9.jpg\"><span data-alt=\"\"><\/span><\/a><\/div><div class=\"rsContent\"><a class=\"rsImg\" data-rsw=\"1024\" data-rsh=\"639\" href=\"https:\/\/mortholmen.no\/wp-content\/uploads\/2025\/03\/julebord-8.jpg\"><span data-alt=\"\"><\/span><\/a><\/div><div class=\"rsContent\"><a class=\"rsImg\" data-rsw=\"1024\" data-rsh=\"639\" href=\"https:\/\/mortholmen.no\/wp-content\/uploads\/2025\/03\/julebord-7.jpg\"><span data-alt=\"\"><\/span><\/a><\/div><div class=\"rsContent\"><a class=\"rsImg\" data-rsw=\"1024\" data-rsh=\"639\" href=\"https:\/\/mortholmen.no\/wp-content\/uploads\/2025\/03\/julebord-2.jpg\"><span data-alt=\"\"><\/span><\/a><\/div><div class=\"rsContent\"><a class=\"rsImg\" data-rsw=\"1024\" data-rsh=\"639\" href=\"https:\/\/mortholmen.no\/wp-content\/uploads\/2025\/03\/julebord-3.jpg\"><span data-alt=\"\"><\/span><\/a><\/div><div class=\"rsContent\"><a class=\"rsImg\" data-rsw=\"1024\" data-rsh=\"639\" href=\"https:\/\/mortholmen.no\/wp-content\/uploads\/2025\/03\/julebord-10.jpg\"><span data-alt=\"\"><\/span><\/a><\/div><div class=\"rsContent\"><a class=\"rsImg\" data-rsw=\"1024\" data-rsh=\"639\" href=\"https:\/\/mortholmen.no\/wp-content\/uploads\/2025\/03\/julebord-5.jpg\"><span data-alt=\"\"><\/span><\/a><\/div><div class=\"rsContent\"><a class=\"rsImg\" data-rsw=\"1024\" data-rsh=\"639\" href=\"https:\/\/mortholmen.no\/wp-content\/uploads\/2025\/03\/julebord-6.jpg\"><span data-alt=\"\"><\/span><\/a><\/div><div class=\"rsContent\"><a class=\"rsImg\" data-rsw=\"1024\" data-rsh=\"683\" href=\"https:\/\/mortholmen.no\/wp-content\/uploads\/2025\/05\/DSC04824-1024x683.jpg\"><span data-alt=\"\"><\/span><\/a><\/div><div class=\"rsContent\"><a class=\"rsImg\" data-rsw=\"1024\" data-rsh=\"683\" href=\"https:\/\/mortholmen.no\/wp-content\/uploads\/2025\/05\/DSC04862-1024x683.jpg\"><span data-alt=\"\"><\/span><\/a><\/div><div class=\"rsContent\"><a class=\"rsImg\" data-rsw=\"1024\" data-rsh=\"683\" href=\"https:\/\/mortholmen.no\/wp-content\/uploads\/2025\/05\/DSC04820-1024x683.jpg\"><span data-alt=\"\"><\/span><\/a><\/div><div class=\"rsContent\"><a class=\"rsImg\" data-rsw=\"1024\" data-rsh=\"683\" href=\"https:\/\/mortholmen.no\/wp-content\/uploads\/2025\/05\/DSC04902-1024x683.jpg\"><span data-alt=\"\"><\/span><\/a><\/div><div class=\"rsContent\"><a class=\"rsImg\" data-rsw=\"1024\" data-rsh=\"683\" href=\"https:\/\/mortholmen.no\/wp-content\/uploads\/2025\/05\/DSC04870-1024x683.jpg\"><span data-alt=\"\"><\/span><\/a><\/div><\/div><img decoding=\"async\" src=\"https:\/\/mortholmen.no\/wp-content\/uploads\/2025\/03\/julebord-1.jpg\" width=\"1024\" height=\"639\" alt loading=\"lazy\"><\/div><div class=\"w-slider-json\" onclick='return {&quot;autoScaleSlider&quot;:false,&quot;addActiveClass&quot;:true,&quot;loop&quot;:true,&quot;fadeInLoadedSlide&quot;:false,&quot;slidesSpacing&quot;:0,&quot;imageScalePadding&quot;:0,&quot;numImagesToPreload&quot;:2,&quot;arrowsNav&quot;:true,&quot;arrowsNavAutoHide&quot;:false,&quot;transitionType&quot;:&quot;move&quot;,&quot;transitionSpeed&quot;:250,&quot;block&quot;:{&quot;moveEffect&quot;:&quot;none&quot;,&quot;speed&quot;:300},&quot;thumbs&quot;:{&quot;fitInViewport&quot;:false,&quot;firstMargin&quot;:false,&quot;spacing&quot;:4},&quot;controlNavigation&quot;:&quot;none&quot;}'><\/div><\/div><div class=\"w-btn-wrapper align_right\"><a class=\"w-btn us-btn-style_5\" href=\"https:\/\/mortholmen.no\/de\/miete-mortholmen\/\"><span class=\"w-btn-label\">Miete Mortholmen<\/span><\/a><\/div><\/div><\/div><\/div><\/div><\/div><\/section>\n","protected":false},"excerpt":{"rendered":"[vc_custom_heading text=\"Weihnachtsfeier in magischer Umgebung\" font_container=\"tag:h1|text_align:left\" use_theme_fonts=\"yes\" css=\"%7B%22default%22%3A%7B%22line-height%22%3A%221.033%22%2C%22max-width%22%3A%22450px%22%2C%22margin-bottom%22%3A%2210px%22%7D%7D\"][vc_custom_heading text=\"Eine Weihnachtsfeier in einer Atmosph\u00e4re, die Sie so schnell nicht vergessen werden!\" font_container=\"tag:h5|text_align:left\" use_theme_fonts=\"yes\" css=\"%7B%22default%22%3A%7B%22max-width%22%3A%22545px%22%2C%22margin-bottom%22%3A%2223px%22%7D%7D\"]Rustikales Interieur kombiniert mit modernem Komfort. Mortholmen bietet Platz f\u00fcr bis zu 200 G\u00e4ste bei einem gesetzten Dinner, doch die intime Stimmung macht den Saal auch f\u00fcr kleinere Gruppen ideal. Festlich geschm\u00fcckt zu...","protected":false},"author":1,"featured_media":0,"parent":1900,"menu_order":0,"comment_status":"closed","ping_status":"closed","template":"","meta":{"_acf_changed":false,"footnotes":""},"class_list":["post-2020","page","type-page","status-publish","hentry"],"acf":[],"yoast_head":"<!-- This site is optimized with the Yoast SEO plugin v25.6 - https:\/\/yoast.com\/wordpress\/plugins\/seo\/ -->\n<title>Weihnachtsfeier - Mortholmen<\/title>\n<meta name=\"robots\" content=\"index, follow, max-snippet:-1, max-image-preview:large, max-video-preview:-1\" \/>\n<link rel=\"canonical\" href=\"https:\/\/mortholmen.no\/de\/vermietung\/weihnachtsfeier\/\" \/>\n<meta property=\"og:locale\" content=\"de_DE\" \/>\n<meta property=\"og:type\" content=\"article\" \/>\n<meta property=\"og:title\" content=\"Weihnachtsfeier - Mortholmen\" \/>\n<meta property=\"og:url\" content=\"https:\/\/mortholmen.no\/de\/vermietung\/weihnachtsfeier\/\" \/>\n<meta property=\"og:site_name\" content=\"Mortholmen\" \/>\n<meta property=\"article:modified_time\" content=\"2025-09-12T10:54:35+00:00\" \/>\n<meta name=\"twitter:card\" content=\"summary_large_image\" \/>\n<meta name=\"twitter:label1\" content=\"Est. reading time\" \/>\n\t<meta name=\"twitter:data1\" content=\"4\u00a0Minuten\" \/>\n<script type=\"application\/ld+json\" class=\"yoast-schema-graph\">{\"@context\":\"https:\/\/schema.org\",\"@graph\":[{\"@type\":\"WebPage\",\"@id\":\"https:\/\/mortholmen.no\/de\/vermietung\/weihnachtsfeier\/\",\"url\":\"https:\/\/mortholmen.no\/de\/vermietung\/weihnachtsfeier\/\",\"name\":\"Weihnachtsfeier - Mortholmen\",\"isPartOf\":{\"@id\":\"https:\/\/mortholmen.no\/en\/#website\"},\"datePublished\":\"2025-02-18T10:21:57+00:00\",\"dateModified\":\"2025-09-12T10:54:35+00:00\",\"breadcrumb\":{\"@id\":\"https:\/\/mortholmen.no\/de\/vermietung\/weihnachtsfeier\/#breadcrumb\"},\"inLanguage\":\"de\",\"potentialAction\":[{\"@type\":\"ReadAction\",\"target\":[\"https:\/\/mortholmen.no\/de\/vermietung\/weihnachtsfeier\/\"]}]},{\"@type\":\"BreadcrumbList\",\"@id\":\"https:\/\/mortholmen.no\/de\/vermietung\/weihnachtsfeier\/#breadcrumb\",\"itemListElement\":[{\"@type\":\"ListItem\",\"position\":1,\"name\":\"Hjem\",\"item\":\"https:\/\/mortholmen.no\/de\/startseite\/\"},{\"@type\":\"ListItem\",\"position\":2,\"name\":\"Vermietung\",\"item\":\"https:\/\/mortholmen.no\/de\/vermietung\/\"},{\"@type\":\"ListItem\",\"position\":3,\"name\":\"Weihnachtsfeier\"}]},{\"@type\":\"WebSite\",\"@id\":\"https:\/\/mortholmen.no\/en\/#website\",\"url\":\"https:\/\/mortholmen.no\/en\/\",\"name\":\"Mortholmen\",\"description\":\"The last one standing - By Captain Sig Hansen\",\"publisher\":{\"@id\":\"https:\/\/mortholmen.no\/en\/#organization\"},\"potentialAction\":[{\"@type\":\"SearchAction\",\"target\":{\"@type\":\"EntryPoint\",\"urlTemplate\":\"https:\/\/mortholmen.no\/en\/?s={search_term_string}\"},\"query-input\":{\"@type\":\"PropertyValueSpecification\",\"valueRequired\":true,\"valueName\":\"search_term_string\"}}],\"inLanguage\":\"de\"},{\"@type\":\"Organization\",\"@id\":\"https:\/\/mortholmen.no\/en\/#organization\",\"name\":\"Mortholmen\",\"url\":\"https:\/\/mortholmen.no\/en\/\",\"logo\":{\"@type\":\"ImageObject\",\"inLanguage\":\"de\",\"@id\":\"https:\/\/mortholmen.no\/en\/#\/schema\/logo\/image\/\",\"url\":\"https:\/\/mortholmen.com\/wp-content\/uploads\/2025\/04\/Mortholmen_org.jpg\",\"contentUrl\":\"https:\/\/mortholmen.com\/wp-content\/uploads\/2025\/04\/Mortholmen_org.jpg\",\"width\":483,\"height\":336,\"caption\":\"Mortholmen\"},\"image\":{\"@id\":\"https:\/\/mortholmen.no\/en\/#\/schema\/logo\/image\/\"}}]}<\/script>\n<!-- \/ Yoast SEO plugin. -->","yoast_head_json":{"title":"Weihnachtsfeier - Mortholmen","robots":{"index":"index","follow":"follow","max-snippet":"max-snippet:-1","max-image-preview":"max-image-preview:large","max-video-preview":"max-video-preview:-1"},"canonical":"https:\/\/mortholmen.no\/de\/vermietung\/weihnachtsfeier\/","og_locale":"de_DE","og_type":"article","og_title":"Weihnachtsfeier - Mortholmen","og_url":"https:\/\/mortholmen.no\/de\/vermietung\/weihnachtsfeier\/","og_site_name":"Mortholmen","article_modified_time":"2025-09-12T10:54:35+00:00","twitter_card":"summary_large_image","twitter_misc":{"Est. reading time":"4\u00a0Minuten"},"schema":{"@context":"https:\/\/schema.org","@graph":[{"@type":"WebPage","@id":"https:\/\/mortholmen.no\/de\/vermietung\/weihnachtsfeier\/","url":"https:\/\/mortholmen.no\/de\/vermietung\/weihnachtsfeier\/","name":"Weihnachtsfeier - Mortholmen","isPartOf":{"@id":"https:\/\/mortholmen.no\/en\/#website"},"datePublished":"2025-02-18T10:21:57+00:00","dateModified":"2025-09-12T10:54:35+00:00","breadcrumb":{"@id":"https:\/\/mortholmen.no\/de\/vermietung\/weihnachtsfeier\/#breadcrumb"},"inLanguage":"de","potentialAction":[{"@type":"ReadAction","target":["https:\/\/mortholmen.no\/de\/vermietung\/weihnachtsfeier\/"]}]},{"@type":"BreadcrumbList","@id":"https:\/\/mortholmen.no\/de\/vermietung\/weihnachtsfeier\/#breadcrumb","itemListElement":[{"@type":"ListItem","position":1,"name":"Hjem","item":"https:\/\/mortholmen.no\/de\/startseite\/"},{"@type":"ListItem","position":2,"name":"Vermietung","item":"https:\/\/mortholmen.no\/de\/vermietung\/"},{"@type":"ListItem","position":3,"name":"Weihnachtsfeier"}]},{"@type":"WebSite","@id":"https:\/\/mortholmen.no\/en\/#website","url":"https:\/\/mortholmen.no\/en\/","name":"Mortholmen","description":"The last one standing - By Captain Sig Hansen","publisher":{"@id":"https:\/\/mortholmen.no\/en\/#organization"},"potentialAction":[{"@type":"SearchAction","target":{"@type":"EntryPoint","urlTemplate":"https:\/\/mortholmen.no\/en\/?s={search_term_string}"},"query-input":{"@type":"PropertyValueSpecification","valueRequired":true,"valueName":"search_term_string"}}],"inLanguage":"de"},{"@type":"Organization","@id":"https:\/\/mortholmen.no\/en\/#organization","name":"Mortholmen","url":"https:\/\/mortholmen.no\/en\/","logo":{"@type":"ImageObject","inLanguage":"de","@id":"https:\/\/mortholmen.no\/en\/#\/schema\/logo\/image\/","url":"https:\/\/mortholmen.com\/wp-content\/uploads\/2025\/04\/Mortholmen_org.jpg","contentUrl":"https:\/\/mortholmen.com\/wp-content\/uploads\/2025\/04\/Mortholmen_org.jpg","width":483,"height":336,"caption":"Mortholmen"},"image":{"@id":"https:\/\/mortholmen.no\/en\/#\/schema\/logo\/image\/"}}]}},"_links":{"self":[{"href":"https:\/\/mortholmen.no\/de\/wp-json\/wp\/v2\/pages\/2020","targetHints":{"allow":["GET"]}}],"collection":[{"href":"https:\/\/mortholmen.no\/de\/wp-json\/wp\/v2\/pages"}],"about":[{"href":"https:\/\/mortholmen.no\/de\/wp-json\/wp\/v2\/types\/page"}],"author":[{"embeddable":true,"href":"https:\/\/mortholmen.no\/de\/wp-json\/wp\/v2\/users\/1"}],"replies":[{"embeddable":true,"href":"https:\/\/mortholmen.no\/de\/wp-json\/wp\/v2\/comments?post=2020"}],"version-history":[{"count":4,"href":"https:\/\/mortholmen.no\/de\/wp-json\/wp\/v2\/pages\/2020\/revisions"}],"predecessor-version":[{"id":2036,"href":"https:\/\/mortholmen.no\/de\/wp-json\/wp\/v2\/pages\/2020\/revisions\/2036"}],"up":[{"embeddable":true,"href":"https:\/\/mortholmen.no\/de\/wp-json\/wp\/v2\/pages\/1900"}],"wp:attachment":[{"href":"https:\/\/mortholmen.no\/de\/wp-json\/wp\/v2\/media?parent=2020"}],"curies":[{"name":"wp","href":"https:\/\/api.w.org\/{rel}","templated":true}]}}