{"id":1135,"date":"2025-02-18T08:57:33","date_gmt":"2025-02-18T08:57:33","guid":{"rendered":"http:\/\/mortholmen.com.datasenter.no\/about-mortholmen\/"},"modified":"2025-06-24T06:50:45","modified_gmt":"2025-06-24T06:50:45","slug":"about-mortholmen","status":"publish","type":"page","link":"https:\/\/mortholmen.no\/en\/about-mortholmen\/","title":{"rendered":"About Mortholmen"},"content":{"rendered":"<section class=\"l-section wpb_row us_custom_ce30a831 height_medium width_custom\" style=\"--site-content-width:1396px;\"><div class=\"l-section-h i-cf\"><div class=\"g-cols vc_row via_grid cols_5-7 laptops-cols_inherit tablets-cols_inherit mobiles-cols_1 valign_middle type_default stacking_default\" style=\"--columns-gap:4.5rem;--laptops-columns-gap:4.5rem;--tablets-columns-gap:4.5rem;--mobiles-columns-gap:3rem;\"><div class=\"wpb_column vc_column_container\"><div class=\"vc_column-inner\">[vc_custom_heading text=&#8221;Restored to its Former Glory&#8221; font_container=&#8221;tag:h1|text_align:left&#8221; use_theme_fonts=&#8221;yes&#8221; css=&#8221;%7B%22default%22%3A%7B%22line-height%22%3A%221.033%22%2C%22max-width%22%3A%22400px%22%2C%22margin-bottom%22%3A%2240px%22%7D%7D&#8221;]<div class=\"wpb_text_column us_custom_b9d201a0\"><div class=\"wpb_wrapper\"><p>It was back in 2020 that we, Sig Hansen and June Hansen, became a part of the owners of Mortholmen. Today we are sole owners of the island, and Mortholmen has become a project and a passion that we share together. <\/p>\n<p>Many of you might know Sig from the TV-show Deadliest Catch on Discovery Channel. Across two decades, Captain Sig has showed everyone how to survive and fish for king crab in the dangers of the Barents Sea. The series has allowed viewers to get to know both him and our family.  <\/p>\n<p>Now another adventure awaits, this time at Mortholmen. This place means a lot to us \u2013 some of our best memories are from Mortholmen. But we also know that this historical place means a lot to so many more. That\u2019s the reason we want to give something back, to make Mortholmen a place for gatherings and joyful moments. Recently we have invested a lot of our time and resources to restore the inside, and the outside, of the building. We have taken care of and preserved what we could, while ensuring that the building is now equipped to withstand the harsh weather and rough sea for another 100 years.      <\/p>\n<p>Our hope is that the work that is now being put in will ensure that the place\u2019s unique history and important role in the Norwegian fishing legacy will never be forgotten. All whilst making it possible for new memories and stories to be created at Mortholmen that today function as a venue.V\u00e5rt h\u00e5p er at arbeidet som n\u00e5 blir lagt ned skal sikre at plassens unike historie og viktige rolle i norsk fiskerihistorie aldri blir glemt. Samtidig har vi lagt til rette for at nye minner og historier kan skapes i det gamle sildesalteriet som i dag fungerer som et selskapslokale og turistattraksjon. <\/p>\n<p>Mortholmen \u2013 a living memory of Norway\u2019s herring adventure.<\/p>\n<\/div><\/div><\/div><\/div><div class=\"wpb_column vc_column_container\"><div class=\"vc_column-inner\"><div class=\"w-image us_custom_b3563f37 align_none\"><div class=\"w-image-h\"><img decoding=\"async\" width=\"817\" height=\"1024\" src=\"https:\/\/mortholmen.no\/wp-content\/uploads\/2025\/05\/Sig_june-817x1024.jpg\" class=\"attachment-large size-large\" alt=\"\" loading=\"lazy\" srcset=\"https:\/\/mortholmen.no\/wp-content\/uploads\/2025\/05\/Sig_june-817x1024.jpg 817w, https:\/\/mortholmen.no\/wp-content\/uploads\/2025\/05\/Sig_june-239x300.jpg 239w, https:\/\/mortholmen.no\/wp-content\/uploads\/2025\/05\/Sig_june.jpg 1531w\" sizes=\"auto, (max-width: 817px) 100vw, 817px\" \/><\/div><\/div><\/div><\/div><\/div><\/div><\/section><section class=\"l-section wpb_row us_custom_ce30a831 height_medium width_custom\" style=\"--site-content-width:1396px;\"><div class=\"l-section-h i-cf\"><div class=\"g-cols vc_row via_grid cols_7-5 laptops-cols_inherit tablets-cols_inherit mobiles-cols_1 valign_middle type_default stacking_default\" style=\"--columns-gap:4.5rem;--laptops-columns-gap:4.5rem;--tablets-columns-gap:4.5rem;--mobiles-columns-gap:3rem;\"><div class=\"wpb_column vc_column_container\"><div class=\"vc_column-inner\"><div class=\"w-image us_custom_b3563f37 align_none\"><div class=\"w-image-h\"><img decoding=\"async\" width=\"1024\" height=\"768\" src=\"https:\/\/mortholmen.no\/wp-content\/uploads\/2025\/04\/Deadliestcatch-1024x768.jpg\" class=\"attachment-large size-large\" alt=\"\" loading=\"lazy\" srcset=\"https:\/\/mortholmen.no\/wp-content\/uploads\/2025\/04\/Deadliestcatch-1024x768.jpg 1024w, https:\/\/mortholmen.no\/wp-content\/uploads\/2025\/04\/Deadliestcatch-300x225.jpg 300w, https:\/\/mortholmen.no\/wp-content\/uploads\/2025\/04\/Deadliestcatch.jpg 1920w\" sizes=\"auto, (max-width: 1024px) 100vw, 1024px\" \/><\/div><\/div><\/div><\/div><div class=\"wpb_column vc_column_container\"><div class=\"vc_column-inner\">[vc_custom_heading text=&#8221;Deadliest Catch&#8221; font_container=&#8221;tag:h1|text_align:left&#8221; use_theme_fonts=&#8221;yes&#8221; css=&#8221;%7B%22default%22%3A%7B%22line-height%22%3A%221.033%22%2C%22max-width%22%3A%22400px%22%2C%22margin-bottom%22%3A%2240px%22%7D%7D&#8221;]<div class=\"wpb_text_column us_custom_b9d201a0\"><div class=\"wpb_wrapper\"><p>Sig Hansen and his crew on the Northwestern have been an essential part of the hit TV show <em>Deadliest Catch<\/em> ever since it premiered in 2005. The Discovery Channel series follows the crew as they hunt for crab in the dangerous Bering Sea \u2013 considered the world\u2019s deadliest job. <\/p>\n<p>Sig Hansen and his daughter, Mandy Hansen, also star in their own spin-off, Deadliest Catch: The Viking Returns, where the father-daughter duo travel back to their homeland, Norway, hoping to build a fishing empire.<\/p>\n<\/div><\/div><\/div><\/div><\/div><\/div><\/section><section class=\"l-section wpb_row us_custom_c6aff03d height_medium\"><div class=\"l-section-h i-cf\"><div class=\"g-cols vc_row via_grid cols_2 laptops-cols_inherit tablets-cols_inherit mobiles-cols_1 valign_middle type_default stacking_default\"><div class=\"wpb_column vc_column_container\"><div class=\"vc_column-inner\">[vc_custom_heading text=&#8221;Corporate Events&#8221; font_container=&#8221;tag:h1|text_align:left&#8221; use_theme_fonts=&#8221;yes&#8221; css=&#8221;%7B%22default%22%3A%7B%22margin-bottom%22%3A%2215px%22%7D%7D&#8221;]<div class=\"wpb_text_column us_custom_060c7592\"><div class=\"wpb_wrapper\"><p>Mortholmen is a unique and exciting location for courses &amp; conferences, kickoffs, teambuilding, summer parties, Christmas parties and much much more. Together with Capt. Sig, Kjentfolk Vestlandet will bring new life to Mortholmen. We will help you plan your next event at Mortholmen, and create unique experiences and adventures by the sea.  <\/p>\n<p>In collaboration with Fursetgruppen and RS Catering, we have tailored an exquisite buffet with perfectly balanced wines to go with.<br \/>\nExperience Mortholmen: Coastal culture, food and drink in unique surroundings!<\/p>\n<\/div><\/div><div class=\"ult-spacer spacer-6a0390c5c46da\" data-id=\"6a0390c5c46da\" data-height=\"50\" data-height-mobile=\"50\" data-height-tab=\"50\" data-height-tab-portrait=\"\" data-height-mobile-landscape=\"\" style=\"clear:both;display:block;\"><\/div><div class=\"w-hwrapper valign_top stack_on_mobiles align_none\" style=\"--hwrapper-gap:14px\"><div class=\"w-btn-wrapper align_none\"><a class=\"w-btn us-btn-style_4\" href=\"https:\/\/mortholmen.no\/en\/book-mortholmen\/\"><span class=\"w-btn-label\">Book Mortholmen<\/span><\/a><\/div><\/div><\/div><\/div><div class=\"wpb_column vc_column_container\"><div class=\"vc_column-inner\"><div class=\"w-image us_custom_4cb973d0 has_ratio align_none\"><div class=\"w-image-h\"><div style=\"padding-bottom:100%\"><\/div><img decoding=\"async\" width=\"935\" height=\"935\" src=\"https:\/\/mortholmen.no\/wp-content\/uploads\/2025\/03\/kjentfolk_008.jpg\" class=\"attachment-large size-large\" alt=\"\" loading=\"lazy\" \/><\/div><\/div><\/div><\/div><\/div><\/div><\/section>\n","protected":false},"excerpt":{"rendered":"[vc_custom_heading text=\"Restored to its Former Glory\" font_container=\"tag:h1|text_align:left\" use_theme_fonts=\"yes\" css=\"%7B%22default%22%3A%7B%22line-height%22%3A%221.033%22%2C%22max-width%22%3A%22400px%22%2C%22margin-bottom%22%3A%2240px%22%7D%7D\"]It was back in 2020 that we, Sig Hansen and June Hansen, became a part of the owners of Mortholmen. Today we are sole owners of the island, and Mortholmen has become a project and a passion that we share together. Many of you might know Sig...","protected":false},"author":1,"featured_media":0,"parent":0,"menu_order":0,"comment_status":"closed","ping_status":"closed","template":"","meta":{"_acf_changed":false,"footnotes":""},"class_list":["post-1135","page","type-page","status-publish","hentry"],"acf":[],"yoast_head":"<!-- This site is optimized with the Yoast SEO plugin v25.6 - https:\/\/yoast.com\/wordpress\/plugins\/seo\/ -->\n<title>About Mortholmen - Mortholmen<\/title>\n<meta name=\"robots\" content=\"index, follow, max-snippet:-1, max-image-preview:large, max-video-preview:-1\" \/>\n<link rel=\"canonical\" href=\"https:\/\/mortholmen.no\/en\/about-mortholmen\/\" \/>\n<meta property=\"og:locale\" content=\"en_US\" \/>\n<meta property=\"og:type\" content=\"article\" \/>\n<meta property=\"og:title\" content=\"About Mortholmen - Mortholmen\" \/>\n<meta property=\"og:url\" content=\"https:\/\/mortholmen.no\/en\/about-mortholmen\/\" \/>\n<meta property=\"og:site_name\" content=\"Mortholmen\" \/>\n<meta property=\"article:modified_time\" content=\"2025-06-24T06:50:45+00:00\" \/>\n<meta name=\"twitter:card\" content=\"summary_large_image\" \/>\n<meta name=\"twitter:label1\" content=\"Est. reading time\" \/>\n\t<meta name=\"twitter:data1\" content=\"3 minutes\" \/>\n<script type=\"application\/ld+json\" class=\"yoast-schema-graph\">{\"@context\":\"https:\/\/schema.org\",\"@graph\":[{\"@type\":\"WebPage\",\"@id\":\"https:\/\/mortholmen.no\/en\/about-mortholmen\/\",\"url\":\"https:\/\/mortholmen.no\/en\/about-mortholmen\/\",\"name\":\"About Mortholmen - Mortholmen\",\"isPartOf\":{\"@id\":\"https:\/\/mortholmen.no\/en\/#website\"},\"datePublished\":\"2025-02-18T08:57:33+00:00\",\"dateModified\":\"2025-06-24T06:50:45+00:00\",\"breadcrumb\":{\"@id\":\"https:\/\/mortholmen.no\/en\/about-mortholmen\/#breadcrumb\"},\"inLanguage\":\"en-US\",\"potentialAction\":[{\"@type\":\"ReadAction\",\"target\":[\"https:\/\/mortholmen.no\/en\/about-mortholmen\/\"]}]},{\"@type\":\"BreadcrumbList\",\"@id\":\"https:\/\/mortholmen.no\/en\/about-mortholmen\/#breadcrumb\",\"itemListElement\":[{\"@type\":\"ListItem\",\"position\":1,\"name\":\"Hjem\",\"item\":\"https:\/\/mortholmen.no\/en\/home-page\/\"},{\"@type\":\"ListItem\",\"position\":2,\"name\":\"About Mortholmen\"}]},{\"@type\":\"WebSite\",\"@id\":\"https:\/\/mortholmen.no\/en\/#website\",\"url\":\"https:\/\/mortholmen.no\/en\/\",\"name\":\"Mortholmen\",\"description\":\"The last one standing - By Captain Sig Hansen\",\"publisher\":{\"@id\":\"https:\/\/mortholmen.no\/en\/#organization\"},\"potentialAction\":[{\"@type\":\"SearchAction\",\"target\":{\"@type\":\"EntryPoint\",\"urlTemplate\":\"https:\/\/mortholmen.no\/en\/?s={search_term_string}\"},\"query-input\":{\"@type\":\"PropertyValueSpecification\",\"valueRequired\":true,\"valueName\":\"search_term_string\"}}],\"inLanguage\":\"en-US\"},{\"@type\":\"Organization\",\"@id\":\"https:\/\/mortholmen.no\/en\/#organization\",\"name\":\"Mortholmen\",\"url\":\"https:\/\/mortholmen.no\/en\/\",\"logo\":{\"@type\":\"ImageObject\",\"inLanguage\":\"en-US\",\"@id\":\"https:\/\/mortholmen.no\/en\/#\/schema\/logo\/image\/\",\"url\":\"https:\/\/mortholmen.com\/wp-content\/uploads\/2025\/04\/Mortholmen_org.jpg\",\"contentUrl\":\"https:\/\/mortholmen.com\/wp-content\/uploads\/2025\/04\/Mortholmen_org.jpg\",\"width\":483,\"height\":336,\"caption\":\"Mortholmen\"},\"image\":{\"@id\":\"https:\/\/mortholmen.no\/en\/#\/schema\/logo\/image\/\"}}]}<\/script>\n<!-- \/ Yoast SEO plugin. -->","yoast_head_json":{"title":"About Mortholmen - Mortholmen","robots":{"index":"index","follow":"follow","max-snippet":"max-snippet:-1","max-image-preview":"max-image-preview:large","max-video-preview":"max-video-preview:-1"},"canonical":"https:\/\/mortholmen.no\/en\/about-mortholmen\/","og_locale":"en_US","og_type":"article","og_title":"About Mortholmen - Mortholmen","og_url":"https:\/\/mortholmen.no\/en\/about-mortholmen\/","og_site_name":"Mortholmen","article_modified_time":"2025-06-24T06:50:45+00:00","twitter_card":"summary_large_image","twitter_misc":{"Est. reading time":"3 minutes"},"schema":{"@context":"https:\/\/schema.org","@graph":[{"@type":"WebPage","@id":"https:\/\/mortholmen.no\/en\/about-mortholmen\/","url":"https:\/\/mortholmen.no\/en\/about-mortholmen\/","name":"About Mortholmen - Mortholmen","isPartOf":{"@id":"https:\/\/mortholmen.no\/en\/#website"},"datePublished":"2025-02-18T08:57:33+00:00","dateModified":"2025-06-24T06:50:45+00:00","breadcrumb":{"@id":"https:\/\/mortholmen.no\/en\/about-mortholmen\/#breadcrumb"},"inLanguage":"en-US","potentialAction":[{"@type":"ReadAction","target":["https:\/\/mortholmen.no\/en\/about-mortholmen\/"]}]},{"@type":"BreadcrumbList","@id":"https:\/\/mortholmen.no\/en\/about-mortholmen\/#breadcrumb","itemListElement":[{"@type":"ListItem","position":1,"name":"Hjem","item":"https:\/\/mortholmen.no\/en\/home-page\/"},{"@type":"ListItem","position":2,"name":"About Mortholmen"}]},{"@type":"WebSite","@id":"https:\/\/mortholmen.no\/en\/#website","url":"https:\/\/mortholmen.no\/en\/","name":"Mortholmen","description":"The last one standing - By Captain Sig Hansen","publisher":{"@id":"https:\/\/mortholmen.no\/en\/#organization"},"potentialAction":[{"@type":"SearchAction","target":{"@type":"EntryPoint","urlTemplate":"https:\/\/mortholmen.no\/en\/?s={search_term_string}"},"query-input":{"@type":"PropertyValueSpecification","valueRequired":true,"valueName":"search_term_string"}}],"inLanguage":"en-US"},{"@type":"Organization","@id":"https:\/\/mortholmen.no\/en\/#organization","name":"Mortholmen","url":"https:\/\/mortholmen.no\/en\/","logo":{"@type":"ImageObject","inLanguage":"en-US","@id":"https:\/\/mortholmen.no\/en\/#\/schema\/logo\/image\/","url":"https:\/\/mortholmen.com\/wp-content\/uploads\/2025\/04\/Mortholmen_org.jpg","contentUrl":"https:\/\/mortholmen.com\/wp-content\/uploads\/2025\/04\/Mortholmen_org.jpg","width":483,"height":336,"caption":"Mortholmen"},"image":{"@id":"https:\/\/mortholmen.no\/en\/#\/schema\/logo\/image\/"}}]}},"_links":{"self":[{"href":"https:\/\/mortholmen.no\/en\/wp-json\/wp\/v2\/pages\/1135","targetHints":{"allow":["GET"]}}],"collection":[{"href":"https:\/\/mortholmen.no\/en\/wp-json\/wp\/v2\/pages"}],"about":[{"href":"https:\/\/mortholmen.no\/en\/wp-json\/wp\/v2\/types\/page"}],"author":[{"embeddable":true,"href":"https:\/\/mortholmen.no\/en\/wp-json\/wp\/v2\/users\/1"}],"replies":[{"embeddable":true,"href":"https:\/\/mortholmen.no\/en\/wp-json\/wp\/v2\/comments?post=1135"}],"version-history":[{"count":24,"href":"https:\/\/mortholmen.no\/en\/wp-json\/wp\/v2\/pages\/1135\/revisions"}],"predecessor-version":[{"id":1834,"href":"https:\/\/mortholmen.no\/en\/wp-json\/wp\/v2\/pages\/1135\/revisions\/1834"}],"wp:attachment":[{"href":"https:\/\/mortholmen.no\/en\/wp-json\/wp\/v2\/media?parent=1135"}],"curies":[{"name":"wp","href":"https:\/\/api.w.org\/{rel}","templated":true}]}}